{"id":306,"date":"2013-11-03T20:15:19","date_gmt":"2013-11-03T18:15:19","guid":{"rendered":"http:\/\/www.kruispunt.info\/wp\/?page_id=306"},"modified":"2020-09-08T19:24:00","modified_gmt":"2020-09-08T17:24:00","slug":"vrouwencontact","status":"publish","type":"page","link":"https:\/\/www.kruispunt.info\/kp\/?page_id=306","title":{"rendered":"Vrouwencontact"},"content":{"rendered":"<table width=\"100%\">\n<tbody>\n<tr>\n<td valign=\"top\">Elke maandagavond om 19.30 uur komt een groep van ongeveer 25 \u00a0zusters bij elkaar. Het is een gezellige groep met aandacht voor de ander en\u00a0elkaar.<\/p>\n<p>Op deze avond zingen wij uit het liedboek \u201c liederen voor de gemeente zang\u201d en wordt er een\u00a0meditatie verzorgt \u00a0door \u00e9\u00e9n van de zusters. E\u00e9n keer \u00a0in de maand is er\u00a0 een thema avond, enkele voorbeelden van thema\u2019s zijn: \u201c Vriendschap\u201d, \u201cOnze Vader\u201d of \u201ckunst \u201c. We zijn graag creatief bezig, zoals met\u00a0schilderen of een kerstcreatie maken.<\/p>\n<p>Ook\u00a0 werken we mee aan verschillende projecten. \u00a0Er wordt gespaard voor een goed doel. Dit jaar sparen we voor straatkinderen in \u00a0Roemeni\u00eb en\u00a0geven\u00a0we een dankoffer voor de woon-en werkomstandigheden van onze zendelingen. Daarbij sturen wij regelmatig een kaartje of brengen wij een bezoekje aan ouderen en zieken.<\/p>\n<p>We nodigen u van harte uit om onze avonden bij te wonen!<\/td>\n<td width=\"25\"><\/td>\n<td valign=\"TOP\" width=\"205\">.<br \/>\n<img loading=\"lazy\" decoding=\"async\" class=\"alignnone wp-image-1677 size-full\" src=\"https:\/\/www.kruispunt.info\/kp\/wp-content\/uploads\/2017\/12\/activitetien.jpg\" alt=\"\" width=\"205\" height=\"800\" \/><\/td>\n<\/tr>\n<\/tbody>\n<\/table>\n","protected":false},"excerpt":{"rendered":"<p>Elke maandagavond om 19.30 uur komt een groep van ongeveer 25 \u00a0zusters bij elkaar. Het is een gezellige groep met aandacht voor de ander en\u00a0elkaar. Op deze avond zingen wij uit het liedboek \u201c liederen voor de gemeente zang\u201d en wordt er een\u00a0meditatie verzorgt \u00a0door \u00e9\u00e9n van de zusters. E\u00e9n keer \u00a0in de maand is [&hellip;]<\/p>\n","protected":false},"author":1,"featured_media":0,"parent":0,"menu_order":0,"comment_status":"closed","ping_status":"closed","template":"templates\/fullwidth.php","meta":{"_exactmetrics_skip_tracking":false,"_exactmetrics_sitenote_active":false,"_exactmetrics_sitenote_note":"","_exactmetrics_sitenote_category":0,"footnotes":""},"class_list":["post-306","page","type-page","status-publish","hentry","page-entry","loop-entry","clr"],"_links":{"self":[{"href":"https:\/\/www.kruispunt.info\/kp\/index.php?rest_route=\/wp\/v2\/pages\/306","targetHints":{"allow":["GET"]}}],"collection":[{"href":"https:\/\/www.kruispunt.info\/kp\/index.php?rest_route=\/wp\/v2\/pages"}],"about":[{"href":"https:\/\/www.kruispunt.info\/kp\/index.php?rest_route=\/wp\/v2\/types\/page"}],"author":[{"embeddable":true,"href":"https:\/\/www.kruispunt.info\/kp\/index.php?rest_route=\/wp\/v2\/users\/1"}],"replies":[{"embeddable":true,"href":"https:\/\/www.kruispunt.info\/kp\/index.php?rest_route=%2Fwp%2Fv2%2Fcomments&post=306"}],"version-history":[{"count":6,"href":"https:\/\/www.kruispunt.info\/kp\/index.php?rest_route=\/wp\/v2\/pages\/306\/revisions"}],"predecessor-version":[{"id":2175,"href":"https:\/\/www.kruispunt.info\/kp\/index.php?rest_route=\/wp\/v2\/pages\/306\/revisions\/2175"}],"wp:attachment":[{"href":"https:\/\/www.kruispunt.info\/kp\/index.php?rest_route=%2Fwp%2Fv2%2Fmedia&parent=306"}],"curies":[{"name":"wp","href":"https:\/\/api.w.org\/{rel}","templated":true}]}}